{"id":1759,"date":"2020-04-16T13:39:02","date_gmt":"2020-04-16T11:39:02","guid":{"rendered":"https:\/\/aria.co.rs\/?page_id=1759"},"modified":"2021-02-21T23:20:54","modified_gmt":"2021-02-21T22:20:54","slug":"association-management-company","status":"publish","type":"page","link":"https:\/\/www.aria.co.rs\/en\/association-management-company\/","title":{"rendered":"Association management company"},"content":{"rendered":"<p><strong><em>\u0160TA JE AMC U KONGRESNOJ INDUSTRIJI?<\/em><\/strong><\/p>\n<p>Cilj svakog udru\u017eenja je da putem okupljanja\u00a0svojih \u010dlanova postigne\u00a0\u00a0odre\u0111ene\u00a0 ciljeve, stoga je vrlo va\u017eno omoguc\u0301iti \u010dlanovima da se fokusiraju upravo na pomenute radnje. Buduc\u0301i da svakodnevne operacije mogu biti veoma dugotrajne za \u010dlanove odre\u0111enog\u00a0 udruzenja, AMC &#8211; Kompanija za upravljanje udru\u017eenjima pru\u017ea usluge svih oblika menad\u017ementa, organizacije ljudskih resursa i upravljanja svim aspektima rada i funkcionisanja udruzenja.<\/p>\n<p>Tokom dugogodi\u0161njeg postojanja i rada na trzi\u0161tu kao i u\u00a0 procesu specijalizacije usluga i te\u017enji da uti\u010de na razvoj svojih klijenata, ARIA Conference &#038; Events je pored PCO u\u0161la\u00a0i\u00a0u zonu AMC poslovanja.<\/p>\n<p><strong><em>\u0160TA NUDIMO?<\/em><\/strong><\/p>\n<p>Ono \u0161to nas razlikuje od standardnih PCO je da nudimo potpunu uslugu i pokrivamo gotovo sve aspekte poslovanja odre\u0111enog udruzenja. Ovim pristupom ARIA Conference &#038; Events je\u00a0<em>strate\u0161ki partner<\/em>\u00a0koji podr\u017eava udru\u017eenja kako bi mogli biti vi\u0161e uticajni u svom poslu.<\/p>\n<p>Standardne operacije koje AMC ARIA Conference &#038; Events ovim pristupom nudi klijentima su:<\/p>\n<ol>\n<li>Slu\u017ei kao sedi\u0161te udruzenja, upravljajuc\u0301i svakodnevnim operacijama \u010dime postaje javno lice organizacije<\/li>\n<li>Bavi se organizacijom doga\u0111aja udruzenja<\/li>\n<li>Preuzima na sebe sve aktivnosti drugih sfera postojanja udruzenja, kao \u0161to su izvr\u0161no, administrativno i finansijsko upravljanje, redovna komunikacija sa \u010dlanstvom, koordiniranje strukturom upravljanja, izdavanje \u010dasopisa i obave\u0161tenja, upravljanje sastancima; usluge marketinga i komunikacija I brojne druge<\/li>\n<\/ol>\n<p>Pored ovog\u00a0<em>sveobuhvatnog AMC koncepta,<\/em>\u00a0ARIA Conference &#038; Events nudi i drugi, manji pristup a to je pruzanje odre\u0111ene vrste pomo\u0107i udru\u017eenju npr. pri organizaciji doga\u0111aja, kreiranja web stranice ili pomo\u0107 pri finansijama udru\u017eenja.<\/p>\n<p><strong><em>PREDNOSTI\u00a0RADA ASSOCIATION MANAGEMENT COMPANIES (AMC)<\/em><\/strong><\/p>\n<p>Rad sa AMC omogu\u0107ava veliku fleksibilnost poput uskla\u0111ivanja sa ve\u0107inom potreba i budgeta, pristup najboljim tehnologijama i njihovim praksama, brojna prilago\u0111ena re\u0161enja, optimizovana posebno za neprofitne performanse, potpuno prilagodljiv kratkoro\u010dni ili dugoro\u010dni kadar fokusiran na svakodnevne operacije, i na kraju optimalnu raspodelu resursa.<\/p>\n<p>Udahnite nov \u017eivot svojem Udruzenju, pokrenite redovna obave\u0161tavanja i okupljanja svojih\u00a0\u010dlanova.<\/p>\n<p>Ako vam je stru\u010dno Udruzenje tek ideja obratite se ARIA Conference &#038; Events.<\/p>\n<p><strong><em>NA\u0160I KLIJENTI<\/em><\/strong><\/p>\n<ul>\n<li>Udru\u017eenje alergologa i klini\u010dkih imunologa Srbije (UAKIS)<\/li>\n<li>Dru\u0161tvo kontaktologa oftalmologa Srbije (COLLS)<\/li>\n<li>Srpski pankreasni klub<\/li>\n<li>Srpsko udru\u017eenje za patologiju<\/li>\n<li>Udru\u017eenje de\u010dijih hirurga Srbije<\/li>\n<li>Udru\u017eenje infektologa Srbije<\/li>\n<li>Srpsko udru\u017eenje za ultrazvuk u ginekologiji i aku\u0161erstvu<\/li>\n<li>Udru\u017eenje za regenerativnu ortopediju ORTO CELL<\/li>\n<li>Udru\u017eenje za transplantaciju mati\u010dnih \u0107elija hematopoeze<\/li>\n<li>Spinalno udru\u017eenje Srbije<\/li>\n<li>Udru\u017eenje laringologa Srbije<\/li>\n<li>Udru\u017eenje otorinolaringologa Srbije<\/li>\n<li>Srpsko udru\u017eenje za le\u010denje rana<\/li>\n<li>Udru\u017eenje dermatovenerologa Srbije<\/li>\n<li>Evropsko udru\u017eenje de\u010dijih hirurga<\/li>\n<li>Udru\u017eenje za fetalnu i neonatalnu medicinu<\/li>\n<li>Udru\u017eenje hirurga Studenica<\/li>\n<li>Udru\u017eenje infektologa Jugoisto\u010dne Evrope<\/li>\n<li>Udru\u017eenje za regenerativnu medicinu i biolo\u0161ku terapiju Jugoisto\u010dne Evrope (SEEBRA)<\/li>\n<li>Udru\u017eenje neuroonkologa Srbije<\/li>\n<li>Udru\u017eenje transfuziologa Srbije<\/li>\n<li>Udru\u017eenje za sudsku medicinu Srbije<\/li>\n<li>Gastroenterolo\u0161ko endoskopsko udru\u017eenje Srbije (GEUS)<\/li>\n<\/ul>\n","protected":false},"excerpt":{"rendered":"<p>\u0160TA JE AMC U KONGRESNOJ INDUSTRIJI? Cilj svakog udru\u017eenja je da putem okupljanja\u00a0svojih \u010dlanova postigne\u00a0\u00a0odre\u0111ene\u00a0 ciljeve, stoga je vrlo va\u017eno omoguc\u0301iti \u010dlanovima da se fokusiraju upravo na pomenute radnje. Buduc\u0301i [&hellip;]<\/p>\n","protected":false},"author":1,"featured_media":0,"parent":0,"menu_order":0,"comment_status":"closed","ping_status":"closed","template":"","meta":{"_acf_changed":false,"footnotes":""},"class_list":["post-1759","page","type-page","status-publish","hentry"],"acf":[],"yoast_head":"<!-- This site is optimized with the Yoast SEO plugin v26.0 - https:\/\/yoast.com\/wordpress\/plugins\/seo\/ -->\n<title>Association management company<\/title>\n<meta name=\"robots\" content=\"index, follow, max-snippet:-1, max-image-preview:large, max-video-preview:-1\" \/>\n<link rel=\"canonical\" href=\"https:\/\/www.aria.co.rs\/en\/association-management-company\/\" \/>\n<meta property=\"og:locale\" content=\"en_GB\" \/>\n<meta property=\"og:locale:alternate\" content=\"sr_RS\" \/>\n<meta property=\"og:type\" content=\"article\" \/>\n<meta property=\"og:title\" content=\"Association management company\" \/>\n<meta property=\"og:description\" content=\"\u0160TA JE AMC U KONGRESNOJ INDUSTRIJI? Cilj svakog udru\u017eenja je da putem okupljanja\u00a0svojih \u010dlanova postigne\u00a0\u00a0odre\u0111ene\u00a0 ciljeve, stoga je vrlo va\u017eno omoguc\u0301iti \u010dlanovima da se fokusiraju upravo na pomenute radnje. Buduc\u0301i [&hellip;]\" \/>\n<meta property=\"og:url\" content=\"https:\/\/www.aria.co.rs\/en\/association-management-company\/\" \/>\n<meta property=\"og:site_name\" content=\"Aria Conference &amp; Events\" \/>\n<meta property=\"article:modified_time\" content=\"2021-02-21T22:20:54+00:00\" \/>\n<meta name=\"twitter:card\" content=\"summary_large_image\" \/>\n<meta name=\"twitter:label1\" content=\"Estimated reading time\" \/>\n\t<meta name=\"twitter:data1\" content=\"2 minutes\" \/>\n<script type=\"application\/ld+json\" class=\"yoast-schema-graph\">{\"@context\":\"https:\/\/schema.org\",\"@graph\":[{\"@type\":\"WebPage\",\"@id\":\"https:\/\/www.aria.co.rs\/en\/association-management-company\/\",\"url\":\"https:\/\/www.aria.co.rs\/en\/association-management-company\/\",\"name\":\"Association management company\",\"isPartOf\":{\"@id\":\"https:\/\/aria.co.rs\/#website\"},\"datePublished\":\"2020-04-16T11:39:02+00:00\",\"dateModified\":\"2021-02-21T22:20:54+00:00\",\"breadcrumb\":{\"@id\":\"https:\/\/www.aria.co.rs\/en\/association-management-company\/#breadcrumb\"},\"inLanguage\":\"en-GB\",\"potentialAction\":[{\"@type\":\"ReadAction\",\"target\":[\"https:\/\/www.aria.co.rs\/en\/association-management-company\/\"]}]},{\"@type\":\"BreadcrumbList\",\"@id\":\"https:\/\/www.aria.co.rs\/en\/association-management-company\/#breadcrumb\",\"itemListElement\":[{\"@type\":\"ListItem\",\"position\":1,\"name\":\"Po\u010detna\",\"item\":\"https:\/\/aria.co.rs\/\"},{\"@type\":\"ListItem\",\"position\":2,\"name\":\"Association management company\"}]},{\"@type\":\"WebSite\",\"@id\":\"https:\/\/aria.co.rs\/#website\",\"url\":\"https:\/\/aria.co.rs\/\",\"name\":\"Aria Conference & Events\",\"description\":\"Conference & Events\",\"potentialAction\":[{\"@type\":\"SearchAction\",\"target\":{\"@type\":\"EntryPoint\",\"urlTemplate\":\"https:\/\/aria.co.rs\/?s={search_term_string}\"},\"query-input\":{\"@type\":\"PropertyValueSpecification\",\"valueRequired\":true,\"valueName\":\"search_term_string\"}}],\"inLanguage\":\"en-GB\"}]}<\/script>\n<!-- \/ Yoast SEO plugin. -->","yoast_head_json":{"title":"Association management company","robots":{"index":"index","follow":"follow","max-snippet":"max-snippet:-1","max-image-preview":"max-image-preview:large","max-video-preview":"max-video-preview:-1"},"canonical":"https:\/\/www.aria.co.rs\/en\/association-management-company\/","og_locale":"en_GB","og_type":"article","og_title":"[:rs]Association management company[:en]Association management company[:] - Aria Conference & Events","og_description":"\u0160TA JE AMC U KONGRESNOJ INDUSTRIJI? Cilj svakog udru\u017eenja je da putem okupljanja\u00a0svojih \u010dlanova postigne\u00a0\u00a0odre\u0111ene\u00a0 ciljeve, stoga je vrlo va\u017eno omoguc\u0301iti \u010dlanovima da se fokusiraju upravo na pomenute radnje. Buduc\u0301i [&hellip;]","og_url":"https:\/\/www.aria.co.rs\/en\/association-management-company\/","og_site_name":"Aria Conference & Events","article_modified_time":"2021-02-21T22:20:54+00:00","twitter_card":"summary_large_image","twitter_misc":{"Estimated reading time":"2 minutes"},"schema":{"@context":"https:\/\/schema.org","@graph":[{"@type":"WebPage","@id":"https:\/\/www.aria.co.rs\/en\/association-management-company\/","url":"https:\/\/www.aria.co.rs\/en\/association-management-company\/","name":"Association management company","isPartOf":{"@id":"https:\/\/aria.co.rs\/#website"},"datePublished":"2020-04-16T11:39:02+00:00","dateModified":"2021-02-21T22:20:54+00:00","breadcrumb":{"@id":"https:\/\/www.aria.co.rs\/en\/association-management-company\/#breadcrumb"},"inLanguage":"en-GB","potentialAction":[{"@type":"ReadAction","target":["https:\/\/www.aria.co.rs\/en\/association-management-company\/"]}]},{"@type":"BreadcrumbList","@id":"https:\/\/www.aria.co.rs\/en\/association-management-company\/#breadcrumb","itemListElement":[{"@type":"ListItem","position":1,"name":"Po\u010detna","item":"https:\/\/aria.co.rs\/"},{"@type":"ListItem","position":2,"name":"Association management company"}]},{"@type":"WebSite","@id":"https:\/\/aria.co.rs\/#website","url":"https:\/\/aria.co.rs\/","name":"Aria Conference & Events","description":"Conference & Events","potentialAction":[{"@type":"SearchAction","target":{"@type":"EntryPoint","urlTemplate":"https:\/\/aria.co.rs\/?s={search_term_string}"},"query-input":{"@type":"PropertyValueSpecification","valueRequired":true,"valueName":"search_term_string"}}],"inLanguage":"en-GB"}]}},"_links":{"self":[{"href":"https:\/\/www.aria.co.rs\/en\/wp-json\/wp\/v2\/pages\/1759","targetHints":{"allow":["GET"]}}],"collection":[{"href":"https:\/\/www.aria.co.rs\/en\/wp-json\/wp\/v2\/pages"}],"about":[{"href":"https:\/\/www.aria.co.rs\/en\/wp-json\/wp\/v2\/types\/page"}],"author":[{"embeddable":true,"href":"https:\/\/www.aria.co.rs\/en\/wp-json\/wp\/v2\/users\/1"}],"replies":[{"embeddable":true,"href":"https:\/\/www.aria.co.rs\/en\/wp-json\/wp\/v2\/comments?post=1759"}],"version-history":[{"count":5,"href":"https:\/\/www.aria.co.rs\/en\/wp-json\/wp\/v2\/pages\/1759\/revisions"}],"predecessor-version":[{"id":1971,"href":"https:\/\/www.aria.co.rs\/en\/wp-json\/wp\/v2\/pages\/1759\/revisions\/1971"}],"wp:attachment":[{"href":"https:\/\/www.aria.co.rs\/en\/wp-json\/wp\/v2\/media?parent=1759"}],"curies":[{"name":"wp","href":"https:\/\/api.w.org\/{rel}","templated":true}]}}